{"id":72,"date":"2022-12-12T22:03:08","date_gmt":"2022-12-12T21:03:08","guid":{"rendered":"https:\/\/durakegitim.eu\/?page_id=72"},"modified":"2023-01-01T15:41:59","modified_gmt":"2023-01-01T14:41:59","slug":"home","status":"publish","type":"page","link":"https:\/\/durakegitim.de\/","title":{"rendered":"Home"},"content":{"rendered":"\n<figure class=\"wp-duotone-unset-1 wp-block-image aligncenter size-full\"><img decoding=\"async\" loading=\"lazy\" width=\"512\" height=\"512\" src=\"https:\/\/durakegitim.de\/wp-content\/uploads\/2023\/01\/cropped-D-2-Kopie.png\" alt=\"\" class=\"wp-image-895\" srcset=\"https:\/\/durakegitim.de\/wp-content\/uploads\/2023\/01\/cropped-D-2-Kopie.png 512w, https:\/\/durakegitim.de\/wp-content\/uploads\/2023\/01\/cropped-D-2-Kopie-300x300.png 300w, https:\/\/durakegitim.de\/wp-content\/uploads\/2023\/01\/cropped-D-2-Kopie-150x150.png 150w\" sizes=\"(max-width: 512px) 100vw, 512px\" \/><\/figure>\n\n\n\n<p><\/p>\n\n\n\n<div class=\"inherit-container-width is-layout-constrained wp-block-group\">\n<h3 class=\"has-text-align-center\">Hakk\u0131m\u0131zda<\/h3>\n\n\n\n<blockquote class=\"wp-block-quote\">\n<p>Durak Egitim Mostar 2019 Y\u0131l\u0131nda Hizmete Ba\u015flayan K\u0131ymetli bir Kurulu\u015ftur.<\/p>\n\n\n\n<p><strong>Amac\u0131m\u0131z ;<\/strong><\/p>\n\n\n\n<p>Evvela Rabbimizin R\u0131zas\u0131n\u0131 Kazanmak; Peygamber Efendimiz (s.a.v ) Nur Yolunda gidebilmek ve insanl\u0131\u011f\u0131nda bu yolda gitmelerine vesile olmak i\u00e7in m\u00fccadele eden bir kurumdur.<\/p>\n\n\n\n<p>S\u0130Z ANNE BABALARINDA \u00dczerine Titredi\u011finiz Biricik Yavrular\u0131n\u0131z\u0131n; Evvela Rabbine \u0130yi bir Kul, Peygamberine iyi bir \u00dcmmet, \u0130slam Dinini En G\u00fczel Ya\u015fayan; Vatan\u0131na ve Milletine Faydal\u0131 bir Fert, Annesine ve Babas\u0131na Hay\u0131rl\u0131 bir Evlat, Ailesini Koruyan ve Muhafaza eden \u015euurlu \u0130nan\u00e7l\u0131 ve Faydal\u0131 bir Evlat Olarak Yeti\u015fmesini Gaye ve Ama\u00e7 edindik. Durak Egitim Mostar Kurumu Kurslar\u0131 Olarak Gelin Biricik Yavrular\u0131n\u0131z\u0131 bu De\u011ferlerden&nbsp;ve G\u00fczelliklerden Mahrum ve uzak Yeti\u015ftirmeyelim<\/p>\n<\/blockquote>\n<\/div>\n\n\n\n<p><\/p>\n\n\n\n<figure class=\"wp-block-image aligncenter size-full\"><img decoding=\"async\" loading=\"lazy\" width=\"512\" height=\"512\" src=\"https:\/\/durakegitim.de\/wp-content\/uploads\/2023\/01\/cropped-D-2-Kopie-1.png\" alt=\"\" class=\"wp-image-914\" srcset=\"https:\/\/durakegitim.de\/wp-content\/uploads\/2023\/01\/cropped-D-2-Kopie-1.png 512w, https:\/\/durakegitim.de\/wp-content\/uploads\/2023\/01\/cropped-D-2-Kopie-1-300x300.png 300w, https:\/\/durakegitim.de\/wp-content\/uploads\/2023\/01\/cropped-D-2-Kopie-1-150x150.png 150w\" sizes=\"(max-width: 512px) 100vw, 512px\" \/><\/figure>\n\n\n\n<p><\/p>\n\n\n\n<h3 class=\"has-text-align-center\">Faaliyetlerimiz<\/h3>\n\n\n\n<blockquote class=\"wp-block-quote\">\n<p><\/p>\n<\/blockquote>\n","protected":false},"excerpt":{"rendered":"<p>Hakk\u0131m\u0131zda Durak Egitim Mostar 2019 Y\u0131l\u0131nda Hizmete Ba\u015flayan K\u0131ymetli bir Kurulu\u015ftur. Amac\u0131m\u0131z ; Evvela Rabbimizin R\u0131zas\u0131n\u0131 Kazanmak; Peygamber Efendimiz (s.a.v ) Nur Yolunda gidebilmek ve insanl\u0131\u011f\u0131nda bu yolda gitmelerine vesile olmak i\u00e7in m\u00fccadele eden bir kurumdur. S\u0130Z ANNE BABALARINDA \u00dczerine Titredi\u011finiz Biricik Yavrular\u0131n\u0131z\u0131n; Evvela Rabbine \u0130yi bir Kul, Peygamberine iyi bir \u00dcmmet, \u0130slam Dinini En &hellip;<\/p>\n<p class=\"read-more\"> <a class=\"\" href=\"https:\/\/durakegitim.de\/\"> <span class=\"screen-reader-text\">Home<\/span> Read More &raquo;<\/a><\/p>\n","protected":false},"author":2,"featured_media":0,"parent":0,"menu_order":0,"comment_status":"closed","ping_status":"closed","template":"","meta":{"site-sidebar-layout":"default","site-content-layout":"default","ast-global-header-display":"","ast-main-header-display":"","ast-hfb-above-header-display":"","ast-hfb-below-header-display":"","ast-hfb-mobile-header-display":"","site-post-title":"disabled","ast-breadcrumbs-content":"","ast-featured-img":"","footer-sml-layout":"","theme-transparent-header-meta":"","adv-header-id-meta":"","stick-header-meta":"","header-above-stick-meta":"","header-main-stick-meta":"","header-below-stick-meta":""},"_links":{"self":[{"href":"https:\/\/durakegitim.de\/index.php\/wp-json\/wp\/v2\/pages\/72"}],"collection":[{"href":"https:\/\/durakegitim.de\/index.php\/wp-json\/wp\/v2\/pages"}],"about":[{"href":"https:\/\/durakegitim.de\/index.php\/wp-json\/wp\/v2\/types\/page"}],"author":[{"embeddable":true,"href":"https:\/\/durakegitim.de\/index.php\/wp-json\/wp\/v2\/users\/2"}],"replies":[{"embeddable":true,"href":"https:\/\/durakegitim.de\/index.php\/wp-json\/wp\/v2\/comments?post=72"}],"version-history":[{"count":8,"href":"https:\/\/durakegitim.de\/index.php\/wp-json\/wp\/v2\/pages\/72\/revisions"}],"predecessor-version":[{"id":915,"href":"https:\/\/durakegitim.de\/index.php\/wp-json\/wp\/v2\/pages\/72\/revisions\/915"}],"wp:attachment":[{"href":"https:\/\/durakegitim.de\/index.php\/wp-json\/wp\/v2\/media?parent=72"}],"curies":[{"name":"wp","href":"https:\/\/api.w.org\/{rel}","templated":true}]}}